{"id":225953,"date":"2023-08-07T14:15:30","date_gmt":"2023-08-07T14:15:30","guid":{"rendered":"https:\/\/lexconsulting.ro\/it\/?page_id=225953"},"modified":"2023-11-03T13:17:51","modified_gmt":"2023-11-03T13:17:51","slug":"homepage","status":"publish","type":"page","link":"https:\/\/lexconsulting.ro\/it\/","title":{"rendered":"Homepage"},"content":{"rendered":"<p>[et_pb_section fb_built=&#8221;1&#8243; _builder_version=&#8221;4.22.1&#8243; use_background_color_gradient=&#8221;on&#8221; background_color_gradient_direction=&#8221;90deg&#8221; background_color_gradient_stops=&#8221;rgba(0,0,0,0.6) 0%|rgba(0,0,0,0.34) 100%&#8221; background_color_gradient_overlays_image=&#8221;on&#8221; background_color_gradient_start=&#8221;rgba(0,0,0,0.5)&#8221; background_color_gradient_end=&#8221;rgba(0,0,0,0)&#8221; background_image=&#8221;https:\/\/lexconsulting.ro\/it\/wp-content\/uploads\/sites\/8\/2023\/08\/SAV_1098.jpg&#8221; custom_margin=&#8221;||19px|||&#8221; custom_padding=&#8221;40px||40px|||&#8221; global_colors_info=&#8221;{}&#8221;][et_pb_row column_structure=&#8221;1_2,1_2&#8243; _builder_version=&#8221;4.16&#8243; custom_padding=&#8221;31px||31px||true|false&#8221; global_colors_info=&#8221;{}&#8221;][et_pb_column type=&#8221;1_2&#8243; _builder_version=&#8221;4.16&#8243; animation_style=&#8221;slide&#8221; animation_direction=&#8221;left&#8221; animation_duration=&#8221;2000ms&#8221; animation_intensity_slide=&#8221;8%&#8221; global_colors_info=&#8221;{}&#8221;][et_pb_text _builder_version=&#8221;4.22.1&#8243; header_font=&#8221;Trebuchet|700|||||||&#8221; header_text_color=&#8221;#FFFFFF&#8221; header_line_height=&#8221;1.2em&#8221; custom_margin=&#8221;8px||9px|||&#8221; global_colors_info=&#8221;{}&#8221;]<\/p>\n<h1>AVVOCATI D&#8217;AFFARI<\/h1>\n<p>[\/et_pb_text][et_pb_text _builder_version=&#8221;4.22.1&#8243; text_text_color=&#8221;rgba(255,255,255,0.82)&#8221; text_font_size=&#8221;18px&#8221; text_line_height=&#8221;1.6em&#8221; custom_margin=&#8221;13px|||||&#8221; global_colors_info=&#8221;{}&#8221;]<\/p>\n<p>\u201eL\u2019eccellenza \u00e8 un\u2019arte ottenuta attraverso l\u2019addestramento e l\u2019abitudine. Noi non agiamo bene perch\u00e9 abbiamo virt\u00f9 o eccellenza, ma abbiamo piuttosto queste due perch\u00e9 <em>abbiamo agito correttamente<\/em>. Noi siamo ci\u00f2 che facciamo ripetutamente. Eccellenza, allora, non \u00e8 un atto, ma un\u2019abitudine.\u201d<\/p>\n<p>Aristotele<\/p>\n<p>[\/et_pb_text][\/et_pb_column][et_pb_column type=&#8221;1_2&#8243; _builder_version=&#8221;4.16&#8243; global_colors_info=&#8221;{}&#8221;][\/et_pb_column][\/et_pb_row][\/et_pb_section][et_pb_section fb_built=&#8221;1&#8243; _builder_version=&#8221;4.16&#8243; custom_margin=&#8221;10px|||||&#8221; custom_padding=&#8221;12px||0px||false|false&#8221; global_colors_info=&#8221;{}&#8221;][et_pb_row column_structure=&#8221;1_2,1_2&#8243; make_equal=&#8221;on&#8221; _builder_version=&#8221;4.22.1&#8243; custom_padding=&#8221;1px||0px|||&#8221; global_colors_info=&#8221;{}&#8221;][et_pb_column type=&#8221;1_2&#8243; _builder_version=&#8221;4.16&#8243; global_colors_info=&#8221;{}&#8221;][et_pb_image src=&#8221;https:\/\/lexconsulting.ro\/it\/wp-content\/uploads\/sites\/8\/2023\/08\/d329f1a9-376f-41c6-8d17-5a73fe83981e_out-3600&#215;2400-scaled.jpg&#8221; alt=&#8221;echipa trelea si asociatii&#8221; title_text=&#8221;trelea si asociatii&#8221; disabled_on=&#8221;off|on|on&#8221; _builder_version=&#8221;4.22.1&#8243; _module_preset=&#8221;default&#8221; custom_margin=&#8221;||32px|||&#8221; border_radii=&#8221;on|10px|10px|10px|10px&#8221; global_colors_info=&#8221;{}&#8221;][\/et_pb_image][et_pb_text _builder_version=&#8221;4.22.1&#8243; header_font=&#8221;Trebuchet|700|||||||&#8221; header_text_color=&#8221;#FFFFFF&#8221; header_line_height=&#8221;1.2em&#8221; header_2_font=&#8221;Trebuchet|800|||||||&#8221; custom_margin=&#8221;8px||9px|||&#8221; global_colors_info=&#8221;{}&#8221;]<\/p>\n<h2>ECCELLENZA IN ARMONIA<\/h2>\n<p>[\/et_pb_text][et_pb_text _builder_version=&#8221;4.22.1&#8243; text_font=&#8221;Trebuchet|300|||||||&#8221; custom_margin=&#8221;||2px||false|false&#8221; custom_padding=&#8221;||0px|||&#8221; global_colors_info=&#8221;{}&#8221;]<\/p>\n<p>TRELEA \u0218I ASOCIA\u021aII \u2013 un team Unito, Dinamico e Appassionato di AVVOCATI D\u2019AFFARI, costituito nel 2005 e che ha contribuito alla realizzazione di numerosi progetti.<\/p>\n<p>Se sei un Imprenditore, Amministratore, Manager o Dipendente di un&#8217;azienda, e ti trovi di fronte ad una situazione che coinvolge aspetti legali, rivolgiti SEMPRE ad un AVVOCATO D&#8217;AFFARI, come siamo noi, avvocati di TRELEA \u0218I ASOCIA\u021aII, e chiedi supporto.<\/p>\n<p>[\/et_pb_text][\/et_pb_column][et_pb_column type=&#8221;1_2&#8243; _builder_version=&#8221;4.22.1&#8243; background_image=&#8221;https:\/\/lexconsulting.ro\/it\/wp-content\/uploads\/sites\/8\/2023\/09\/photo-main1-trelea-8.png&#8221; border_radii=&#8221;on|15px|15px|15px|15px&#8221; global_colors_info=&#8221;{}&#8221;][\/et_pb_column][\/et_pb_row][et_pb_row column_structure=&#8221;1_2,1_2&#8243; make_equal=&#8221;on&#8221; _builder_version=&#8221;4.22.1&#8243; custom_padding=&#8221;27px||0px|||&#8221; global_colors_info=&#8221;{}&#8221;][et_pb_column type=&#8221;1_2&#8243; _builder_version=&#8221;4.22.1&#8243; background_image=&#8221;https:\/\/lexconsulting.ro\/it\/wp-content\/uploads\/sites\/8\/2023\/08\/d329f1a9-376f-41c6-8d17-5a73fe83981e_out-3600&#215;2400-scaled.jpg&#8221; border_radii=&#8221;on|15px|15px|15px|15px&#8221; global_colors_info=&#8221;{}&#8221;][\/et_pb_column][et_pb_column type=&#8221;1_2&#8243; _builder_version=&#8221;4.16&#8243; global_colors_info=&#8221;{}&#8221;][et_pb_image src=&#8221;https:\/\/lexconsulting.ro\/it\/wp-content\/uploads\/sites\/8\/2023\/09\/photo-main1-trelea-8.png&#8221; alt=&#8221;echipa trelea si asociatii&#8221; title_text=&#8221;photo main1 trelea-8&#8243; disabled_on=&#8221;off|on|on&#8221; _builder_version=&#8221;4.22.1&#8243; _module_preset=&#8221;default&#8221; custom_margin=&#8221;||29px|||&#8221; border_radii=&#8221;on|10px|10px|10px|10px&#8221; global_colors_info=&#8221;{}&#8221;][\/et_pb_image][et_pb_text _builder_version=&#8221;4.22.1&#8243; header_2_font=&#8221;Trebuchet|800|||||||&#8221; header_2_font_size=&#8221;48px&#8221; custom_margin=&#8221;||14px|||&#8221; global_colors_info=&#8221;{}&#8221;]<\/p>\n<h2>RICORDA<\/h2>\n<p>[\/et_pb_text][et_pb_text _builder_version=&#8221;4.22.1&#8243; text_font=&#8221;Trebuchet|300|||||||&#8221; custom_margin=&#8221;||3px||false|false&#8221; global_colors_info=&#8221;{}&#8221;]<\/p>\n<p>l&#8217;AVVOCATO D&#8217;AFFARI deve essere al vostro fianco all&#8217;inizio di un Progetto, durante la sua realizzazione, ma anche al suo completamento, perch\u00e9 questo significa avere in ogni momento, non solo la rappresentazione dei rischi a cui siete esposti, ma anche la soluzione legale per evitare o mitigare i rischi.<\/p>\n<p>L&#8217;attivit\u00e0 di un\u2019azienda, dalla costituzione allo scioglimento, coinvolge aspetti legali di Diritto Civile, Diritto Societario, Diritto Amministrativo, Diritto del Lavoro, Diritto Tributario, Appalti Pubblici, Propriet\u00e0 Intellettuale, Diritto Penale \u00a0Commerciale, Insolvenza, ecc., che sono ci\u00f2 che noi chiamiamo &#8211; AVVOCATURA D\u2019AFFARI.<\/p>\n<p>Noi, gli AVVOCATI D&#8217;AFFARI di TRELEA \u0218I ASOCIA\u021aII, lavoriamo come una squadra, siamo ben preparati, siamo Seri e Affidabili, Empatici, Ricettivi e Celeri, come dicono di noi i Clienti romeni e stranieri, per i quali abbiamo lavorato e continuiamo a farlo.<\/p>\n<p>[\/et_pb_text][\/et_pb_column][\/et_pb_row][et_pb_row column_structure=&#8221;1_2,1_2&#8243; make_equal=&#8221;on&#8221; _builder_version=&#8221;4.22.1&#8243; custom_margin=&#8221;-3px|auto||auto||&#8221; custom_padding=&#8221;6px||0px|||&#8221; global_colors_info=&#8221;{}&#8221;][et_pb_column type=&#8221;1_2&#8243; _builder_version=&#8221;4.16&#8243; global_colors_info=&#8221;{}&#8221;][et_pb_image src=&#8221;https:\/\/lexconsulting.ro\/it\/wp-content\/uploads\/sites\/8\/2023\/09\/photo-main-trelea-8.png&#8221; alt=&#8221;photo main trelea&#8221; title_text=&#8221;photo main trelea-8&#8243; disabled_on=&#8221;off|on|on&#8221; _builder_version=&#8221;4.22.1&#8243; _module_preset=&#8221;default&#8221; custom_margin=&#8221;7px||8px|||&#8221; border_radii=&#8221;on|10px|10px|10px|10px&#8221; global_colors_info=&#8221;{}&#8221;][\/et_pb_image][et_pb_text _builder_version=&#8221;4.22.1&#8243; text_font=&#8221;Trebuchet|300|||||||&#8221; custom_margin=&#8221;2px||3px||false|false&#8221; custom_padding=&#8221;||0px|||&#8221; global_colors_info=&#8221;{}&#8221;]<\/p>\n<p>Nell\u2019anno 2012, Eurojuris International ha verificato e riconosciuto il nostro valore professionale per quanto riguarda la consulenza nei progetti internazionali\/transfrontalieri, diventando pertanto membri attivi di questa organizzazione e partecipando annualmente a conferenze e convegni internazionali.<\/p>\n<p>Per saperne di pi\u00f9 su di noi, gli AVVOCATI D&#8217;AFFARI da TRELEA \u0218I ASOCIA\u021aII, Vi invitiamo a visitare il nostro sito e a seguire gli articoli con contenuto specialistico che potrebbero interessarvi, pubblicati sul sito e sulla nostra pagina di LinkedIn.<\/p>\n<p>Cordialmente,<\/p>\n<p>Avvocato Coordinatore Cristina TRELEA\u00a0<\/p>\n<p>[\/et_pb_text][\/et_pb_column][et_pb_column type=&#8221;1_2&#8243; _builder_version=&#8221;4.22.1&#8243; background_image=&#8221;https:\/\/lexconsulting.ro\/it\/wp-content\/uploads\/sites\/8\/2023\/09\/photo-main-trelea-8.png&#8221; border_radii=&#8221;on|15px|15px|15px|15px&#8221; global_colors_info=&#8221;{}&#8221;][\/et_pb_column][\/et_pb_row][\/et_pb_section]<\/p>\n","protected":false},"excerpt":{"rendered":"<p>AVVOCATI D&#8217;AFFARI\u201eL\u2019eccellenza \u00e8 un\u2019arte ottenuta attraverso l\u2019addestramento e l\u2019abitudine. Noi non agiamo bene perch\u00e9 abbiamo virt\u00f9 o eccellenza, ma abbiamo piuttosto queste due perch\u00e9 abbiamo agito correttamente. Noi siamo ci\u00f2 che facciamo ripetutamente. Eccellenza, allora, non \u00e8 un atto, ma un\u2019abitudine.\u201d AristoteleECCELLENZA IN ARMONIATRELEA \u0218I ASOCIA\u021aII \u2013 un team Unito, Dinamico e Appassionato di AVVOCATI [&hellip;]<\/p>\n","protected":false},"author":1,"featured_media":0,"parent":0,"menu_order":0,"comment_status":"closed","ping_status":"closed","template":"","meta":{"_et_pb_use_builder":"on","_et_pb_old_content":"","_et_gb_content_width":"","footnotes":""},"_links":{"self":[{"href":"https:\/\/lexconsulting.ro\/it\/wp-json\/wp\/v2\/pages\/225953"}],"collection":[{"href":"https:\/\/lexconsulting.ro\/it\/wp-json\/wp\/v2\/pages"}],"about":[{"href":"https:\/\/lexconsulting.ro\/it\/wp-json\/wp\/v2\/types\/page"}],"author":[{"embeddable":true,"href":"https:\/\/lexconsulting.ro\/it\/wp-json\/wp\/v2\/users\/1"}],"replies":[{"embeddable":true,"href":"https:\/\/lexconsulting.ro\/it\/wp-json\/wp\/v2\/comments?post=225953"}],"version-history":[{"count":35,"href":"https:\/\/lexconsulting.ro\/it\/wp-json\/wp\/v2\/pages\/225953\/revisions"}],"predecessor-version":[{"id":226249,"href":"https:\/\/lexconsulting.ro\/it\/wp-json\/wp\/v2\/pages\/225953\/revisions\/226249"}],"wp:attachment":[{"href":"https:\/\/lexconsulting.ro\/it\/wp-json\/wp\/v2\/media?parent=225953"}],"curies":[{"name":"wp","href":"https:\/\/api.w.org\/{rel}","templated":true}]}}